{"id":2,"date":"2019-04-29T10:39:40","date_gmt":"2019-04-29T08:39:40","guid":{"rendered":"http:\/\/eclecticshop.ch\/?page_id=2"},"modified":"2024-04-11T16:08:13","modified_gmt":"2024-04-11T14:08:13","slug":"team","status":"publish","type":"page","link":"http:\/\/eclecticshop.ch\/index.php\/team\/","title":{"rendered":"Team"},"content":{"rendered":"<div class=\"fusion-fullwidth fullwidth-box fusion-builder-row-1 nonhundred-percent-fullwidth non-hundred-percent-height-scrolling\" style=\"background-color: rgba(255,255,255,0);background-position: center center;background-repeat: no-repeat;padding-top:0px;padding-right:0px;padding-bottom:0px;padding-left:0px;margin-bottom: 0px;margin-top: 0px;border-width: 0px 0px 0px 0px;border-color:#eae9e9;border-style:solid;\" ><div class=\"fusion-builder-row fusion-row\"><div class=\"fusion-layout-column fusion_builder_column fusion-builder-column-0 fusion_builder_column_2_3 2_3 fusion-two-third fusion-column-first\" style=\"width:66.666666666667%;width:calc(66.666666666667% - ( ( 4% ) * 0.66666666666667 ) );margin-right: 4%;margin-top:0px;margin-bottom:20px;\"><div class=\"fusion-column-wrapper fusion-flex-column-wrapper-legacy\" style=\"background-position:left top;background-repeat:no-repeat;-webkit-background-size:cover;-moz-background-size:cover;-o-background-size:cover;background-size:cover;padding: 0px 0px 0px 0px;\"><style type=\"text\/css\"><\/style><div class=\"fusion-title title fusion-title-1 fusion-sep-none fusion-title-text fusion-title-size-one\" style=\"margin-top:0px;margin-right:0px;margin-bottom:31px;margin-left:0px;\"><h1 class=\"title-heading-left\" style=\"margin:0;\">Unser Team<\/h1><\/div><div class=\"fusion-text fusion-text-1\"><p><img decoding=\"async\" class=\"alignnone size-full wp-image-13334\" src=\"http:\/\/eclecticshop.ch\/wp-content\/uploads\/2020\/10\/team-scaled.jpg\" alt=\"\" width=\"2560\" height=\"409\" srcset=\"http:\/\/eclecticshop.ch\/wp-content\/uploads\/2020\/10\/team-200x32.jpg 200w, http:\/\/eclecticshop.ch\/wp-content\/uploads\/2020\/10\/team-300x48.jpg 300w, http:\/\/eclecticshop.ch\/wp-content\/uploads\/2020\/10\/team-400x64.jpg 400w, http:\/\/eclecticshop.ch\/wp-content\/uploads\/2020\/10\/team-600x96.jpg 600w, http:\/\/eclecticshop.ch\/wp-content\/uploads\/2020\/10\/team-768x123.jpg 768w, http:\/\/eclecticshop.ch\/wp-content\/uploads\/2020\/10\/team-800x128.jpg 800w, http:\/\/eclecticshop.ch\/wp-content\/uploads\/2020\/10\/team-1024x164.jpg 1024w, http:\/\/eclecticshop.ch\/wp-content\/uploads\/2020\/10\/team-1200x192.jpg 1200w, http:\/\/eclecticshop.ch\/wp-content\/uploads\/2020\/10\/team-1536x245.jpg 1536w, http:\/\/eclecticshop.ch\/wp-content\/uploads\/2020\/10\/team-scaled.jpg 2560w\" sizes=\"(max-width: 2560px) 100vw, 2560px\" \/><\/p>\n<p>Meet the eclectic team!<\/p>\n<p><strong>Bettina M\u00fcller<br \/>\n<\/strong><span lang=\"DE-CH\">Die Gr\u00fcnderin des Multibrand-Stores in Z\u00fcrich und der kreative Kopf. Sie ist gelernte Modezeichnerin und seit \u00fcber 40 Jahren in der Branche t\u00e4tig: Ihr Know-How ist breit gef\u00e4chert, fundiert und die Erfolgsgrundlage von eclectic Lifestyle. Seit 2002 ist sie f\u00fcr den Einkauf zust\u00e4ndig &#8211; mit viel Freude sp\u00fcrt sie die neusten Trends auf. Das Sortiment setzt sich jede Saison aus neuen, spannenden Marken zusammen. Zudem unterst\u00fctzt sie das Verkaufspersonal um die Bed\u00fcrfnisse ihrer Kundschaft voll und ganz abzudecken.<\/span><\/p>\n<p><strong>Alberto Barbetti<br \/>\n<\/strong><span lang=\"EN-GB\">Seit 2002 Storemanager sowie Visual Merchandiser von eclectic Lifestyle. <\/span><span lang=\"DE-CH\">Die Kundinnen lieben ihn f\u00fcr seine professionelle und ehrliche Art. Jede modische Herausforderung l\u00f6st er mit viel Charme und \u00fcberraschenden Kombinationen.<\/span><\/p>\n<p><strong><span lang=\"DE-CH\">Michela Natale <\/span><\/strong><b><span lang=\"DE-CH\"><br \/>\n<\/span><\/b><span lang=\"DE-CH\">Seit 2019 Styling Beraterin bei eclectic Lifestyle: Ihr Italienischer Charme und ihre jahrelange Erfahrung in der Modewelt begeistert die Kundinnen von jedem Tag aufs Neue.\u00a0<\/span><\/p>\n<p><b>Sonia Cano<\/b><br \/>\nKomplettiert unser Team als talentierte Styling-Beraterin mit Enthusiasmus und spanischem Temperament. Ihre langj\u00e4hrige Erfahrung in der Modebranche macht sie zu einem gesch\u00e4tzten Teammitglied.<\/p>\n<p><strong><span lang=\"DE-CH\">Amanda Betschart<\/span><\/strong><b><span lang=\"DE-CH\"><br \/>\n<\/span><\/b><span lang=\"DE-CH\">Die gute Fee im Hintergrund. Sie k\u00fcmmert sich seit Oktober 2022 um den bunten Strauss an Backoffice Aufgaben.<\/span><\/p>\n<\/div><div class=\"fusion-clearfix\"><\/div><\/div><\/div><div class=\"fusion-layout-column fusion_builder_column fusion-builder-column-1 fusion_builder_column_1_3 1_3 fusion-one-third fusion-column-last\" style=\"width:33.333333333333%;width:calc(33.333333333333% - ( ( 4% ) * 0.33333333333333 ) );margin-top:0px;margin-bottom:20px;\"><div class=\"fusion-column-wrapper fusion-flex-column-wrapper-legacy\" style=\"background-position:left top;background-repeat:no-repeat;-webkit-background-size:cover;-moz-background-size:cover;-o-background-size:cover;background-size:cover;padding: 0px 0px 0px 0px;\"><div class=\"fusion-clearfix\"><\/div><\/div><\/div><\/div><\/div>\n","protected":false},"excerpt":{"rendered":"","protected":false},"author":1,"featured_media":0,"parent":0,"menu_order":0,"comment_status":"closed","ping_status":"open","template":"","meta":[],"_links":{"self":[{"href":"http:\/\/eclecticshop.ch\/index.php\/wp-json\/wp\/v2\/pages\/2"}],"collection":[{"href":"http:\/\/eclecticshop.ch\/index.php\/wp-json\/wp\/v2\/pages"}],"about":[{"href":"http:\/\/eclecticshop.ch\/index.php\/wp-json\/wp\/v2\/types\/page"}],"author":[{"embeddable":true,"href":"http:\/\/eclecticshop.ch\/index.php\/wp-json\/wp\/v2\/users\/1"}],"replies":[{"embeddable":true,"href":"http:\/\/eclecticshop.ch\/index.php\/wp-json\/wp\/v2\/comments?post=2"}],"version-history":[{"count":22,"href":"http:\/\/eclecticshop.ch\/index.php\/wp-json\/wp\/v2\/pages\/2\/revisions"}],"predecessor-version":[{"id":13320,"href":"http:\/\/eclecticshop.ch\/index.php\/wp-json\/wp\/v2\/pages\/2\/revisions\/13320"}],"wp:attachment":[{"href":"http:\/\/eclecticshop.ch\/index.php\/wp-json\/wp\/v2\/media?parent=2"}],"curies":[{"name":"wp","href":"https:\/\/api.w.org\/{rel}","templated":true}]}}